{"id":1610,"date":"2020-05-07T09:47:14","date_gmt":"2020-05-07T07:47:14","guid":{"rendered":"https:\/\/friendly-ride.168-63-79-147.plesk.page\/?page_id=1610"},"modified":"2022-06-20T13:34:54","modified_gmt":"2022-06-20T11:34:54","slug":"godkannande","status":"publish","type":"page","link":"https:\/\/friendly-ride.168-63-79-147.plesk.page\/?page_id=1610&lang=sv","title":{"rendered":"Godk\u00e4nnande"},"content":{"rendered":"<div class=\"fusion-fullwidth fullwidth-box fusion-builder-row-1 nonhundred-percent-fullwidth non-hundred-percent-height-scrolling\" style=\"background-color: #f7f8f9;background-position: left top;background-repeat: no-repeat;padding-top:80px;padding-right:0px;padding-bottom:40px;padding-left:0px;margin-bottom: 0px;margin-top: 0px;border-width: 0px 0px 0px 0px;border-color:#eae9e9;border-style:solid;\" ><div class=\"fusion-builder-row fusion-row\"><div class=\"fusion-layout-column fusion_builder_column fusion-builder-column-0 fusion_builder_column_1_6 1_6 fusion-one-sixth fusion-column-first\" style=\"width:16.666666666667%;width:calc(16.666666666667% - ( ( 4% + 9% ) * 0.16666666666667 ) );margin-right: 4%;margin-top:0px;margin-bottom:20px;\"><div class=\"fusion-column-wrapper fusion-flex-column-wrapper-legacy\" style=\"background-position:left top;background-repeat:no-repeat;-webkit-background-size:cover;-moz-background-size:cover;-o-background-size:cover;background-size:cover;padding: 0px 0px 0px 0px;\"><div class=\"fusion-clearfix\"><\/div><\/div><\/div><div class=\"fusion-layout-column fusion_builder_column fusion-builder-column-1 fusion_builder_column_2_3 2_3 fusion-two-third\" style=\"width:66.666666666667%;width:calc(66.666666666667% - ( ( 4% + 9% ) * 0.66666666666667 ) );margin-right: 9%;margin-top:0px;margin-bottom:20px;\"><div class=\"fusion-column-wrapper fusion-flex-column-wrapper-legacy\" style=\"background-position:left top;background-repeat:no-repeat;-webkit-background-size:cover;-moz-background-size:cover;-o-background-size:cover;background-size:cover;padding: 0px 0px 0px 0px;\"><div class=\"fusion-column-content-centered\"><div class=\"fusion-column-content\"><div class=\"fusion-text fusion-text-1\"><h1 style=\"text-align: center;\">Godk\u00e4nnande<\/h1>\n<\/div><div class=\"fusion-text fusion-text-2\"><p style=\"text-align: center;\">V\u00e5ra produkter \u00e4r testade enligt norm f\u00f6r Nyckelf\u00f6rvaringsenhet Inbrottsskydd SSFN 024:01 hos Rise Research Insitute of Sweden.<\/p>\n<\/div><\/div><\/div><div class=\"fusion-clearfix\"><\/div><\/div><\/div><div class=\"fusion-layout-column fusion_builder_column fusion-builder-column-2 fusion_builder_column_1_6 1_6 fusion-one-sixth fusion-column-last\" style=\"width:16.666666666667%;width:calc(16.666666666667% - ( ( 4% + 9% ) * 0.16666666666667 ) );margin-top:0px;margin-bottom:20px;\"><div class=\"fusion-column-wrapper fusion-flex-column-wrapper-legacy\" style=\"background-position:left top;background-repeat:no-repeat;-webkit-background-size:cover;-moz-background-size:cover;-o-background-size:cover;background-size:cover;padding: 0px 0px 0px 0px;\"><div class=\"fusion-clearfix\"><\/div><\/div><\/div><div class=\"fusion-layout-column fusion_builder_column fusion-builder-column-3 fusion_builder_column_1_1 1_1 fusion-one-full fusion-column-first fusion-column-last\" style=\"margin-top:0px;margin-bottom:20px;\"><div class=\"fusion-column-wrapper fusion-flex-column-wrapper-legacy\" style=\"background-position:left top;background-repeat:no-repeat;-webkit-background-size:cover;-moz-background-size:cover;-o-background-size:cover;background-size:cover;padding: 0px 0px 0px 0px;\"><div class=\"fusion-text fusion-text-3\"><div class=\"table-1\" style=\"margin-bottom: 20px;\">\n<table width=\"100%\">\n<thead>\n<tr>\n<th align=\"left\">Rise Certifikat nr.<\/th>\n<th align=\"left\">Produktnamn<\/th>\n<th align=\"left\">Klassifikation<\/th>\n<\/tr>\n<\/thead>\n<tbody>\n<tr>\n<td align=\"left\">SCO126-16<\/td>\n<td align=\"left\">MVR3000 Abloy Nyckeltub + expansion<\/td>\n<td align=\"left\">KLASS 3<\/td>\n<\/tr>\n<tr>\n<td align=\"left\">SCO126-16<\/td>\n<td align=\"left\">MVR3000 Abloy Nyckeltub + f\u00f6rankringsplatta<\/td>\n<td align=\"left\">KLASS 5<\/td>\n<\/tr>\n<tr>\n<td align=\"left\">SCO126-16<\/td>\n<td align=\"left\">MVR8000E Nyckeltub elektronisk + lim<\/td>\n<td align=\"left\">KLASS 3<\/td>\n<\/tr>\n<tr>\n<td align=\"left\">SCO126-16<\/td>\n<td align=\"left\">MVR8000E Nyckeltub elektronisk + f\u00f6rankringsplatta<\/td>\n<td align=\"left\">KLASS 5<\/td>\n<\/tr>\n<tr>\n<td align=\"left\">SCO126-16<\/td>\n<td align=\"left\">MVR5000 Abloy Nyckelbox + 4 skruvar\/pluggar<\/td>\n<td align=\"left\">KLASS 3<\/td>\n<\/tr>\n<tr>\n<td align=\"left\">SCO126-16<\/td>\n<td align=\"left\">MVR5000 Abloy Nyckelbox + f\u00f6rankringsplatta<\/td>\n<td align=\"left\">KLASS 5<\/td>\n<\/tr>\n<tr>\n<td align=\"left\">SCO126-16<\/td>\n<td align=\"left\">MVR7000 Nyckelbox (oval l\u00e5scylinder) + 4 skruvar\/pluggar<\/td>\n<td align=\"left\">KLASS 3<\/td>\n<\/tr>\n<tr>\n<td align=\"left\">SCO126-16<\/td>\n<td align=\"left\">MVR7000 Nyckelbox (oval l\u00e5scylinder) + f\u00f6rankringsplatta<\/td>\n<td align=\"left\">KLASS 5<\/td>\n<\/tr>\n<tr>\n<td align=\"left\">SCO126-16<\/td>\n<td align=\"left\">MVR7000BIG Nyckelbox (oval l\u00e5scylinder) + 4 skruvar\/pluggar<\/td>\n<td align=\"left\">KLASS 3<\/td>\n<\/tr>\n<tr>\n<td align=\"left\">SCO126-16<\/td>\n<td align=\"left\">MVR7000BIG Nyckelbox (oval l\u00e5scylinder) + f\u00f6rankringsplatta<\/td>\n<td align=\"left\">KLASS 5<\/td>\n<\/tr>\n<tr>\n<td align=\"left\">SCO126-16<\/td>\n<td align=\"left\">MVR8000 Nyckeltub (oval l\u00e5scylinder) + expansion<\/td>\n<td align=\"left\">KLASS 3<\/td>\n<\/tr>\n<tr>\n<td align=\"left\">SCO126-16<\/td>\n<td align=\"left\">MVR8000 Nyckeltub (oval l\u00e5scylinder) + f\u00f6rankringsplatta<\/td>\n<td align=\"left\">KLASS 5<\/td>\n<\/tr>\n<tr>\n<td align=\"left\">SCO126-16<\/td>\n<td align=\"left\">MVR8000 Nyckeltub (oval l\u00e5scylinder) + lim<\/td>\n<td align=\"left\">KLASS 3<\/td>\n<\/tr>\n<\/tbody>\n<\/table>\n<\/div>\n<\/div><div class=\"fusion-clearfix\"><\/div><\/div><\/div><\/div><\/div>\n","protected":false},"excerpt":{"rendered":"","protected":false},"author":1,"featured_media":0,"parent":0,"menu_order":0,"comment_status":"closed","ping_status":"closed","template":"100-width.php","meta":[],"yoast_head":"<!-- This site is optimized with the Yoast SEO plugin v20.11 - https:\/\/yoast.com\/wordpress\/plugins\/seo\/ -->\n<title>Godk\u00e4nnande &#8902; MVR Security<\/title>\n<meta name=\"robots\" content=\"index, follow, max-snippet:-1, max-image-preview:large, max-video-preview:-1\" \/>\n<link rel=\"canonical\" href=\"https:\/\/friendly-ride.168-63-79-147.plesk.page\/?page_id=1610&lang=sv\" \/>\n<meta property=\"og:locale\" content=\"da_DK\" \/>\n<meta property=\"og:type\" content=\"article\" \/>\n<meta property=\"og:title\" content=\"Godk\u00e4nnande &#8902; MVR Security\" \/>\n<meta property=\"og:url\" content=\"https:\/\/friendly-ride.168-63-79-147.plesk.page\/?page_id=1610&amp;lang=sv\" \/>\n<meta property=\"og:site_name\" content=\"MVR Security\" \/>\n<meta property=\"article:modified_time\" content=\"2022-06-20T11:34:54+00:00\" \/>\n<meta name=\"twitter:card\" content=\"summary_large_image\" \/>\n<meta name=\"twitter:label1\" content=\"Estimeret l\u00e6setid\" \/>\n\t<meta name=\"twitter:data1\" content=\"6 minutter\" \/>\n<script type=\"application\/ld+json\" class=\"yoast-schema-graph\">{\"@context\":\"https:\/\/schema.org\",\"@graph\":[{\"@type\":\"WebPage\",\"@id\":\"https:\/\/friendly-ride.168-63-79-147.plesk.page\/?page_id=1610&lang=sv\",\"url\":\"https:\/\/friendly-ride.168-63-79-147.plesk.page\/?page_id=1610&lang=sv\",\"name\":\"Godk\u00e4nnande &#8902; MVR Security\",\"isPartOf\":{\"@id\":\"https:\/\/friendly-ride.168-63-79-147.plesk.page\/#website\"},\"datePublished\":\"2020-05-07T07:47:14+00:00\",\"dateModified\":\"2022-06-20T11:34:54+00:00\",\"breadcrumb\":{\"@id\":\"https:\/\/friendly-ride.168-63-79-147.plesk.page\/?page_id=1610&lang=sv#breadcrumb\"},\"inLanguage\":\"da-DK\",\"potentialAction\":[{\"@type\":\"ReadAction\",\"target\":[\"https:\/\/friendly-ride.168-63-79-147.plesk.page\/?page_id=1610&lang=sv\"]}]},{\"@type\":\"BreadcrumbList\",\"@id\":\"https:\/\/friendly-ride.168-63-79-147.plesk.page\/?page_id=1610&lang=sv#breadcrumb\",\"itemListElement\":[{\"@type\":\"ListItem\",\"position\":1,\"name\":\"Hjem\",\"item\":\"https:\/\/friendly-ride.168-63-79-147.plesk.page\/\"},{\"@type\":\"ListItem\",\"position\":2,\"name\":\"Godk\u00e4nnande\"}]},{\"@type\":\"WebSite\",\"@id\":\"https:\/\/friendly-ride.168-63-79-147.plesk.page\/#website\",\"url\":\"https:\/\/friendly-ride.168-63-79-147.plesk.page\/\",\"name\":\"MVR Security\",\"description\":\"\",\"potentialAction\":[{\"@type\":\"SearchAction\",\"target\":{\"@type\":\"EntryPoint\",\"urlTemplate\":\"https:\/\/friendly-ride.168-63-79-147.plesk.page\/?s={search_term_string}\"},\"query-input\":\"required name=search_term_string\"}],\"inLanguage\":\"da-DK\"}]}<\/script>\n<!-- \/ Yoast SEO plugin. -->","yoast_head_json":{"title":"Godk\u00e4nnande &#8902; MVR Security","robots":{"index":"index","follow":"follow","max-snippet":"max-snippet:-1","max-image-preview":"max-image-preview:large","max-video-preview":"max-video-preview:-1"},"canonical":"https:\/\/friendly-ride.168-63-79-147.plesk.page\/?page_id=1610&lang=sv","og_locale":"da_DK","og_type":"article","og_title":"Godk\u00e4nnande &#8902; MVR Security","og_url":"https:\/\/friendly-ride.168-63-79-147.plesk.page\/?page_id=1610&lang=sv","og_site_name":"MVR Security","article_modified_time":"2022-06-20T11:34:54+00:00","twitter_card":"summary_large_image","twitter_misc":{"Estimeret l\u00e6setid":"6 minutter"},"schema":{"@context":"https:\/\/schema.org","@graph":[{"@type":"WebPage","@id":"https:\/\/friendly-ride.168-63-79-147.plesk.page\/?page_id=1610&lang=sv","url":"https:\/\/friendly-ride.168-63-79-147.plesk.page\/?page_id=1610&lang=sv","name":"Godk\u00e4nnande &#8902; MVR Security","isPartOf":{"@id":"https:\/\/friendly-ride.168-63-79-147.plesk.page\/#website"},"datePublished":"2020-05-07T07:47:14+00:00","dateModified":"2022-06-20T11:34:54+00:00","breadcrumb":{"@id":"https:\/\/friendly-ride.168-63-79-147.plesk.page\/?page_id=1610&lang=sv#breadcrumb"},"inLanguage":"da-DK","potentialAction":[{"@type":"ReadAction","target":["https:\/\/friendly-ride.168-63-79-147.plesk.page\/?page_id=1610&lang=sv"]}]},{"@type":"BreadcrumbList","@id":"https:\/\/friendly-ride.168-63-79-147.plesk.page\/?page_id=1610&lang=sv#breadcrumb","itemListElement":[{"@type":"ListItem","position":1,"name":"Hjem","item":"https:\/\/friendly-ride.168-63-79-147.plesk.page\/"},{"@type":"ListItem","position":2,"name":"Godk\u00e4nnande"}]},{"@type":"WebSite","@id":"https:\/\/friendly-ride.168-63-79-147.plesk.page\/#website","url":"https:\/\/friendly-ride.168-63-79-147.plesk.page\/","name":"MVR Security","description":"","potentialAction":[{"@type":"SearchAction","target":{"@type":"EntryPoint","urlTemplate":"https:\/\/friendly-ride.168-63-79-147.plesk.page\/?s={search_term_string}"},"query-input":"required name=search_term_string"}],"inLanguage":"da-DK"}]}},"_links":{"self":[{"href":"https:\/\/friendly-ride.168-63-79-147.plesk.page\/index.php?rest_route=\/wp\/v2\/pages\/1610"}],"collection":[{"href":"https:\/\/friendly-ride.168-63-79-147.plesk.page\/index.php?rest_route=\/wp\/v2\/pages"}],"about":[{"href":"https:\/\/friendly-ride.168-63-79-147.plesk.page\/index.php?rest_route=\/wp\/v2\/types\/page"}],"author":[{"embeddable":true,"href":"https:\/\/friendly-ride.168-63-79-147.plesk.page\/index.php?rest_route=\/wp\/v2\/users\/1"}],"replies":[{"embeddable":true,"href":"https:\/\/friendly-ride.168-63-79-147.plesk.page\/index.php?rest_route=%2Fwp%2Fv2%2Fcomments&post=1610"}],"version-history":[{"count":4,"href":"https:\/\/friendly-ride.168-63-79-147.plesk.page\/index.php?rest_route=\/wp\/v2\/pages\/1610\/revisions"}],"predecessor-version":[{"id":2017,"href":"https:\/\/friendly-ride.168-63-79-147.plesk.page\/index.php?rest_route=\/wp\/v2\/pages\/1610\/revisions\/2017"}],"wp:attachment":[{"href":"https:\/\/friendly-ride.168-63-79-147.plesk.page\/index.php?rest_route=%2Fwp%2Fv2%2Fmedia&parent=1610"}],"curies":[{"name":"wp","href":"https:\/\/api.w.org\/{rel}","templated":true}]}}