{"id":1506,"date":"2020-05-01T13:03:37","date_gmt":"2020-05-01T11:03:37","guid":{"rendered":"https:\/\/friendly-ride.168-63-79-147.plesk.page\/?page_id=1506"},"modified":"2020-05-01T13:03:37","modified_gmt":"2020-05-01T11:03:37","slug":"om-oss","status":"publish","type":"page","link":"https:\/\/friendly-ride.168-63-79-147.plesk.page\/?page_id=1506&lang=nb","title":{"rendered":"Om oss"},"content":{"rendered":"<div class=\"fusion-fullwidth fullwidth-box fusion-builder-row-1 nonhundred-percent-fullwidth non-hundred-percent-height-scrolling\" style=\"background-color: #f7f8f9;background-position: left top;background-repeat: no-repeat;padding-top:80px;padding-right:0px;padding-bottom:40px;padding-left:0px;margin-bottom: 0px;margin-top: 0px;border-width: 0px 0px 0px 0px;border-color:#eae9e9;border-style:solid;\" ><div class=\"fusion-builder-row fusion-row\"><div class=\"fusion-layout-column fusion_builder_column fusion-builder-column-0 fusion_builder_column_1_1 1_1 fusion-one-full fusion-column-first fusion-column-last\" style=\"margin-top:0px;margin-bottom:20px;\"><div class=\"fusion-column-wrapper fusion-flex-column-wrapper-legacy\" style=\"background-position:left top;background-repeat:no-repeat;-webkit-background-size:cover;-moz-background-size:cover;-o-background-size:cover;background-size:cover;padding: 0px 0px 0px 0px;\"><div class=\"fusion-text fusion-text-1\"><h1 style=\"text-align: center;\">Om os<\/h1>\n<\/div><div class=\"fusion-clearfix\"><\/div><\/div><\/div><div class=\"fusion-layout-column fusion_builder_column fusion-builder-column-1 fusion_builder_column_1_6 1_6 fusion-one-sixth fusion-column-first\" style=\"width:16.666666666667%;width:calc(16.666666666667% - ( ( 4% + 4% ) * 0.16666666666667 ) );margin-right: 4%;margin-top:0px;margin-bottom:20px;\"><div class=\"fusion-column-wrapper fusion-flex-column-wrapper-legacy\" style=\"background-position:left top;background-repeat:no-repeat;-webkit-background-size:cover;-moz-background-size:cover;-o-background-size:cover;background-size:cover;padding: 0px 0px 0px 0px;\"><div class=\"fusion-clearfix\"><\/div><\/div><\/div><div class=\"fusion-layout-column fusion_builder_column fusion-builder-column-2 fusion_builder_column_2_3 2_3 fusion-two-third\" style=\"width:66.666666666667%;width:calc(66.666666666667% - ( ( 4% + 4% ) * 0.66666666666667 ) );margin-right: 4%;margin-top:0px;margin-bottom:20px;\"><div class=\"fusion-column-wrapper fusion-flex-column-wrapper-legacy\" style=\"background-position:left top;background-repeat:no-repeat;-webkit-background-size:cover;-moz-background-size:cover;-o-background-size:cover;background-size:cover;padding: 0px 0px 0px 0px;\"><div class=\"fusion-text fusion-text-2\"><p style=\"text-align: center;\">MVR Security ApS lager sikkerhetsl\u00f8sninger for b\u00e5de privatpersoner og selskaper. Michael von Rummell grunnla selskapet i 2005, og siden har de spesialisert seg p\u00e5 n\u00f8kkelr\u00f8r og n\u00f8kkelbokser som i dag brukes av et stort antall alarmselskaper og bedrifter i Danmark.<\/p>\n<p style=\"text-align: center;\">V\u00e5re n\u00f8kkelr\u00f8r kjennetegnes ved deres unike ekspansjonselementer som er spesielt utviklet for montering i murstein- og andre hulromsvegger. Vi jobber med forskjellige materialer og overflater og s\u00f8rger alltid for den beste kvaliteten. P\u00e5 denne m\u00e5ten lager vi de sikreste og mest holdbare l\u00f8sningene.<\/p>\n<\/div><div class=\"fusion-sep-clear\"><\/div><div class=\"fusion-separator fusion-full-width-sep\" style=\"margin-left: auto;margin-right: auto;margin-top:15px;width:100%;\"><\/div><div class=\"fusion-sep-clear\"><\/div><div class=\"fusion-text fusion-text-3\"><h2 style=\"text-align: center; font-size: 1.5em;\">V\u00e5re produkter kjennetegnes ved:<\/h2>\n<\/div><div class=\"fusion-sep-clear\"><\/div><div class=\"fusion-separator fusion-full-width-sep\" style=\"margin-left: auto;margin-right: auto;margin-top:15px;width:100%;\"><\/div><div class=\"fusion-sep-clear\"><\/div><div class=\"fusion-content-boxes content-boxes columns row fusion-columns-3 fusion-columns-total-3 fusion-content-boxes-1 content-boxes-icon-on-top content-left\" data-animationOffset=\"top-into-view\" style=\"margin-top:0px;margin-bottom:5px;\"><style type=\"text\/css\">.fusion-content-boxes-1 .heading .content-box-heading {color:#333333;}\n\t\t\t\t\t.fusion-content-boxes-1 .fusion-content-box-hover .link-area-link-icon-hover .heading .content-box-heading,\n\t\t\t\t\t.fusion-content-boxes-1 .fusion-content-box-hover .link-area-link-icon-hover .heading .heading-link .content-box-heading,\n\t\t\t\t\t.fusion-content-boxes-1 .fusion-content-box-hover .link-area-box-hover .heading .content-box-heading,\n\t\t\t\t\t.fusion-content-boxes-1 .fusion-content-box-hover .link-area-box-hover .heading .heading-link .content-box-heading,\n\t\t\t\t\t.fusion-content-boxes-1 .fusion-content-box-hover .link-area-link-icon-hover.link-area-box .fusion-read-more,\n\t\t\t\t\t.fusion-content-boxes-1 .fusion-content-box-hover .link-area-link-icon-hover.link-area-box .fusion-read-more::after,\n\t\t\t\t\t.fusion-content-boxes-1 .fusion-content-box-hover .link-area-link-icon-hover.link-area-box .fusion-read-more::before,\n\t\t\t\t\t.fusion-content-boxes-1 .fusion-content-box-hover .fusion-read-more:hover:after,\n\t\t\t\t\t.fusion-content-boxes-1 .fusion-content-box-hover .fusion-read-more:hover:before,\n\t\t\t\t\t.fusion-content-boxes-1 .fusion-content-box-hover .fusion-read-more:hover,\n\t\t\t\t\t.fusion-content-boxes-1 .fusion-content-box-hover .link-area-box-hover.link-area-box .fusion-read-more,\n\t\t\t\t\t.fusion-content-boxes-1 .fusion-content-box-hover .link-area-box-hover.link-area-box .fusion-read-more::after,\n\t\t\t\t\t.fusion-content-boxes-1 .fusion-content-box-hover .link-area-box-hover.link-area-box .fusion-read-more::before,\n\t\t\t\t\t.fusion-content-boxes-1 .fusion-content-box-hover .link-area-link-icon-hover .icon .circle-no,\n\t\t\t\t\t.fusion-content-boxes-1 .heading .heading-link:hover .content-box-heading {\n\t\t\t\t\t\tcolor: #003050;\n\t\t\t\t\t}\n\t\t\t\t\t.fusion-content-boxes-1 .fusion-content-box-hover .link-area-box-hover .icon .circle-no {\n\t\t\t\t\t\tcolor: #003050 !important;\n\t\t\t\t\t}.fusion-content-boxes-1 .fusion-content-box-hover .link-area-box.link-area-box-hover .fusion-content-box-button {background: #000000;color: #ffffff;}.fusion-content-boxes-1 .fusion-content-box-hover .link-area-box.link-area-box-hover .fusion-content-box-button .fusion-button-text {color: #ffffff;}\n\t\t\t\t\t.fusion-content-boxes-1 .fusion-content-box-hover .link-area-link-icon-hover .heading .icon > span {\n\t\t\t\t\t\tbackground-color: #003050 !important;\n\t\t\t\t\t}\n\t\t\t\t\t.fusion-content-boxes-1 .fusion-content-box-hover .link-area-box-hover .heading .icon > span {\n\t\t\t\t\t\tborder-color: #003050 !important;\n\t\t\t\t\t}<\/style><div class=\"fusion-column content-box-column content-box-column content-box-column-1 col-lg-4 col-md-4 col-sm-4 fusion-content-box-hover content-box-column-first-in-row\"><div class=\"col content-box-wrapper content-wrapper link-area-link-icon icon-hover-animation-fade\" style=\"background-color:rgba(255,255,255,0);\" data-animationOffset=\"top-into-view\"><div class=\"heading heading-with-icon icon-left\"><div class=\"icon\"><i style=\"border-color:#333333;border-width:1px;background-color:#003050;box-sizing:content-box;height:42px;width:42px;line-height:42px;border-radius:50%;color:#ffffff;font-size:21px;\" aria-hidden=\"true\" class=\"fontawesome-icon fa-tools fas circle-yes\"><\/i><\/div><h3 class=\"content-box-heading\" style=\"font-size:16px;line-height:21px;\">Enkel og rask montering<\/h3><\/div><\/div><\/div><div class=\"fusion-column content-box-column content-box-column content-box-column-2 col-lg-4 col-md-4 col-sm-4 fusion-content-box-hover \"><div class=\"col content-box-wrapper content-wrapper link-area-link-icon icon-hover-animation-fade\" style=\"background-color:rgba(255,255,255,0);\" data-animationOffset=\"top-into-view\"><div class=\"heading heading-with-icon icon-left\"><div class=\"icon\"><i style=\"border-color:#333333;border-width:1px;background-color:#003050;box-sizing:content-box;height:42px;width:42px;line-height:42px;border-radius:50%;color:#ffffff;font-size:21px;\" aria-hidden=\"true\" class=\"fontawesome-icon fa-money-bill-wave fas circle-yes\"><\/i><\/div><h3 class=\"content-box-heading\" style=\"font-size:16px;line-height:21px;\">Konkurransedyktige priser<\/h3><\/div><\/div><\/div><div class=\"fusion-column content-box-column content-box-column content-box-column-3 col-lg-4 col-md-4 col-sm-4 fusion-content-box-hover content-box-column-last content-box-column-last-in-row\"><div class=\"col content-box-wrapper content-wrapper link-area-link-icon icon-hover-animation-fade\" style=\"background-color:rgba(255,255,255,0);\" data-animationOffset=\"top-into-view\"><div class=\"heading heading-with-icon icon-left\"><div class=\"icon\"><i style=\"border-color:#333333;border-width:1px;background-color:#003050;box-sizing:content-box;height:42px;width:42px;line-height:42px;border-radius:50%;color:#ffffff;font-size:21px;\" aria-hidden=\"true\" class=\"fontawesome-icon fa-shield-alt fas circle-yes\"><\/i><\/div><h3 class=\"content-box-heading\" style=\"font-size:16px;line-height:21px;\">Forsikringsgodkjente<\/h3><\/div><\/div><\/div><style type=\"text\/css\">\n\t\t\t\t\t\t.fusion-content-boxes-1 .fusion-content-box-hover .heading-link:hover .icon i.circle-yes,\n\t\t\t\t\t\t.fusion-content-boxes-1 .fusion-content-box-hover .link-area-box:hover .heading-link .icon i.circle-yes,\n\t\t\t\t\t\t.fusion-content-boxes-1 .fusion-content-box-hover .link-area-link-icon-hover .heading .icon i.circle-yes,\n\t\t\t\t\t\t.fusion-content-boxes-1 .fusion-content-box-hover .link-area-box-hover .heading .icon i.circle-yes {\n\t\t\t\t\t\t\tbackground-color: #003050 !important;\n\t\t\t\t\t\t\tborder-color: #003050 !important;\n\t\t\t\t\t\t}<\/style><div class=\"fusion-clearfix\"><\/div><\/div><div class=\"fusion-clearfix\"><\/div><\/div><\/div><div class=\"fusion-layout-column fusion_builder_column fusion-builder-column-3 fusion_builder_column_1_6 1_6 fusion-one-sixth fusion-column-last\" style=\"width:16.666666666667%;width:calc(16.666666666667% - ( ( 4% + 4% ) * 0.16666666666667 ) );margin-top:0px;margin-bottom:20px;\"><div class=\"fusion-column-wrapper fusion-flex-column-wrapper-legacy\" style=\"background-position:left top;background-repeat:no-repeat;-webkit-background-size:cover;-moz-background-size:cover;-o-background-size:cover;background-size:cover;padding: 0px 0px 0px 0px;\"><div class=\"fusion-clearfix\"><\/div><\/div><\/div><\/div><\/div>\n","protected":false},"excerpt":{"rendered":"","protected":false},"author":1,"featured_media":0,"parent":0,"menu_order":0,"comment_status":"closed","ping_status":"closed","template":"100-width.php","meta":[],"yoast_head":"<!-- This site is optimized with the Yoast SEO plugin v20.11 - https:\/\/yoast.com\/wordpress\/plugins\/seo\/ -->\n<title>Om oss &#8902; MVR Security<\/title>\n<meta name=\"robots\" content=\"index, follow, max-snippet:-1, max-image-preview:large, max-video-preview:-1\" \/>\n<link rel=\"canonical\" href=\"https:\/\/friendly-ride.168-63-79-147.plesk.page\/?page_id=1506&lang=nb\" \/>\n<meta property=\"og:locale\" content=\"da_DK\" \/>\n<meta property=\"og:type\" content=\"article\" \/>\n<meta property=\"og:title\" content=\"Om oss &#8902; MVR Security\" \/>\n<meta property=\"og:url\" content=\"https:\/\/friendly-ride.168-63-79-147.plesk.page\/?page_id=1506&amp;lang=nb\" \/>\n<meta property=\"og:site_name\" content=\"MVR Security\" \/>\n<meta name=\"twitter:card\" content=\"summary_large_image\" \/>\n<meta name=\"twitter:label1\" content=\"Estimeret l\u00e6setid\" \/>\n\t<meta name=\"twitter:data1\" content=\"6 minutter\" \/>\n<script type=\"application\/ld+json\" class=\"yoast-schema-graph\">{\"@context\":\"https:\/\/schema.org\",\"@graph\":[{\"@type\":\"WebPage\",\"@id\":\"https:\/\/friendly-ride.168-63-79-147.plesk.page\/?page_id=1506&lang=nb\",\"url\":\"https:\/\/friendly-ride.168-63-79-147.plesk.page\/?page_id=1506&lang=nb\",\"name\":\"Om oss &#8902; MVR Security\",\"isPartOf\":{\"@id\":\"https:\/\/friendly-ride.168-63-79-147.plesk.page\/#website\"},\"datePublished\":\"2020-05-01T11:03:37+00:00\",\"dateModified\":\"2020-05-01T11:03:37+00:00\",\"breadcrumb\":{\"@id\":\"https:\/\/friendly-ride.168-63-79-147.plesk.page\/?page_id=1506&lang=nb#breadcrumb\"},\"inLanguage\":\"da-DK\",\"potentialAction\":[{\"@type\":\"ReadAction\",\"target\":[\"https:\/\/friendly-ride.168-63-79-147.plesk.page\/?page_id=1506&lang=nb\"]}]},{\"@type\":\"BreadcrumbList\",\"@id\":\"https:\/\/friendly-ride.168-63-79-147.plesk.page\/?page_id=1506&lang=nb#breadcrumb\",\"itemListElement\":[{\"@type\":\"ListItem\",\"position\":1,\"name\":\"Hjem\",\"item\":\"https:\/\/friendly-ride.168-63-79-147.plesk.page\/\"},{\"@type\":\"ListItem\",\"position\":2,\"name\":\"Om oss\"}]},{\"@type\":\"WebSite\",\"@id\":\"https:\/\/friendly-ride.168-63-79-147.plesk.page\/#website\",\"url\":\"https:\/\/friendly-ride.168-63-79-147.plesk.page\/\",\"name\":\"MVR Security\",\"description\":\"\",\"potentialAction\":[{\"@type\":\"SearchAction\",\"target\":{\"@type\":\"EntryPoint\",\"urlTemplate\":\"https:\/\/friendly-ride.168-63-79-147.plesk.page\/?s={search_term_string}\"},\"query-input\":\"required name=search_term_string\"}],\"inLanguage\":\"da-DK\"}]}<\/script>\n<!-- \/ Yoast SEO plugin. -->","yoast_head_json":{"title":"Om oss &#8902; MVR Security","robots":{"index":"index","follow":"follow","max-snippet":"max-snippet:-1","max-image-preview":"max-image-preview:large","max-video-preview":"max-video-preview:-1"},"canonical":"https:\/\/friendly-ride.168-63-79-147.plesk.page\/?page_id=1506&lang=nb","og_locale":"da_DK","og_type":"article","og_title":"Om oss &#8902; MVR Security","og_url":"https:\/\/friendly-ride.168-63-79-147.plesk.page\/?page_id=1506&lang=nb","og_site_name":"MVR Security","twitter_card":"summary_large_image","twitter_misc":{"Estimeret l\u00e6setid":"6 minutter"},"schema":{"@context":"https:\/\/schema.org","@graph":[{"@type":"WebPage","@id":"https:\/\/friendly-ride.168-63-79-147.plesk.page\/?page_id=1506&lang=nb","url":"https:\/\/friendly-ride.168-63-79-147.plesk.page\/?page_id=1506&lang=nb","name":"Om oss &#8902; MVR Security","isPartOf":{"@id":"https:\/\/friendly-ride.168-63-79-147.plesk.page\/#website"},"datePublished":"2020-05-01T11:03:37+00:00","dateModified":"2020-05-01T11:03:37+00:00","breadcrumb":{"@id":"https:\/\/friendly-ride.168-63-79-147.plesk.page\/?page_id=1506&lang=nb#breadcrumb"},"inLanguage":"da-DK","potentialAction":[{"@type":"ReadAction","target":["https:\/\/friendly-ride.168-63-79-147.plesk.page\/?page_id=1506&lang=nb"]}]},{"@type":"BreadcrumbList","@id":"https:\/\/friendly-ride.168-63-79-147.plesk.page\/?page_id=1506&lang=nb#breadcrumb","itemListElement":[{"@type":"ListItem","position":1,"name":"Hjem","item":"https:\/\/friendly-ride.168-63-79-147.plesk.page\/"},{"@type":"ListItem","position":2,"name":"Om oss"}]},{"@type":"WebSite","@id":"https:\/\/friendly-ride.168-63-79-147.plesk.page\/#website","url":"https:\/\/friendly-ride.168-63-79-147.plesk.page\/","name":"MVR Security","description":"","potentialAction":[{"@type":"SearchAction","target":{"@type":"EntryPoint","urlTemplate":"https:\/\/friendly-ride.168-63-79-147.plesk.page\/?s={search_term_string}"},"query-input":"required name=search_term_string"}],"inLanguage":"da-DK"}]}},"_links":{"self":[{"href":"https:\/\/friendly-ride.168-63-79-147.plesk.page\/index.php?rest_route=\/wp\/v2\/pages\/1506"}],"collection":[{"href":"https:\/\/friendly-ride.168-63-79-147.plesk.page\/index.php?rest_route=\/wp\/v2\/pages"}],"about":[{"href":"https:\/\/friendly-ride.168-63-79-147.plesk.page\/index.php?rest_route=\/wp\/v2\/types\/page"}],"author":[{"embeddable":true,"href":"https:\/\/friendly-ride.168-63-79-147.plesk.page\/index.php?rest_route=\/wp\/v2\/users\/1"}],"replies":[{"embeddable":true,"href":"https:\/\/friendly-ride.168-63-79-147.plesk.page\/index.php?rest_route=%2Fwp%2Fv2%2Fcomments&post=1506"}],"version-history":[{"count":1,"href":"https:\/\/friendly-ride.168-63-79-147.plesk.page\/index.php?rest_route=\/wp\/v2\/pages\/1506\/revisions"}],"predecessor-version":[{"id":1507,"href":"https:\/\/friendly-ride.168-63-79-147.plesk.page\/index.php?rest_route=\/wp\/v2\/pages\/1506\/revisions\/1507"}],"wp:attachment":[{"href":"https:\/\/friendly-ride.168-63-79-147.plesk.page\/index.php?rest_route=%2Fwp%2Fv2%2Fmedia&parent=1506"}],"curies":[{"name":"wp","href":"https:\/\/api.w.org\/{rel}","templated":true}]}}